{"id":689,"date":"2024-06-11T07:42:51","date_gmt":"2024-06-11T05:42:51","guid":{"rendered":"https:\/\/pagaloqueimprimes.mx\/renuevate\/?page_id=689"},"modified":"2024-08-13T19:44:23","modified_gmt":"2024-08-14T01:44:23","slug":"solicitud","status":"publish","type":"page","link":"https:\/\/pagaloqueimprimes.mx\/renuevate\/solicitud\/","title":{"rendered":"Solicitud"},"content":{"rendered":"\t\t<div data-elementor-type=\"wp-page\" data-elementor-id=\"689\" class=\"elementor elementor-689\">\n\t\t\t\t\t\t<section class=\"elementor-section elementor-top-section elementor-element elementor-element-efdbea8 elementor-section-full_width elementor-section-content-middle elementor-section-stretched elementor-section-height-default elementor-section-height-default\" data-id=\"efdbea8\" data-element_type=\"section\" data-settings=\"{&quot;jet_parallax_layout_list&quot;:[{&quot;jet_parallax_layout_image&quot;:{&quot;url&quot;:&quot;&quot;,&quot;id&quot;:&quot;&quot;,&quot;size&quot;:&quot;&quot;},&quot;_id&quot;:&quot;34668cb&quot;,&quot;jet_parallax_layout_image_tablet&quot;:{&quot;url&quot;:&quot;&quot;,&quot;id&quot;:&quot;&quot;,&quot;size&quot;:&quot;&quot;},&quot;jet_parallax_layout_image_mobile&quot;:{&quot;url&quot;:&quot;&quot;,&quot;id&quot;:&quot;&quot;,&quot;size&quot;:&quot;&quot;},&quot;jet_parallax_layout_speed&quot;:{&quot;unit&quot;:&quot;%&quot;,&quot;size&quot;:50,&quot;sizes&quot;:[]},&quot;jet_parallax_layout_type&quot;:&quot;scroll&quot;,&quot;jet_parallax_layout_direction&quot;:null,&quot;jet_parallax_layout_fx_direction&quot;:null,&quot;jet_parallax_layout_z_index&quot;:&quot;&quot;,&quot;jet_parallax_layout_bg_x&quot;:50,&quot;jet_parallax_layout_bg_x_tablet&quot;:&quot;&quot;,&quot;jet_parallax_layout_bg_x_mobile&quot;:&quot;&quot;,&quot;jet_parallax_layout_bg_y&quot;:50,&quot;jet_parallax_layout_bg_y_tablet&quot;:&quot;&quot;,&quot;jet_parallax_layout_bg_y_mobile&quot;:&quot;&quot;,&quot;jet_parallax_layout_bg_size&quot;:&quot;auto&quot;,&quot;jet_parallax_layout_bg_size_tablet&quot;:&quot;&quot;,&quot;jet_parallax_layout_bg_size_mobile&quot;:&quot;&quot;,&quot;jet_parallax_layout_animation_prop&quot;:&quot;transform&quot;,&quot;jet_parallax_layout_on&quot;:[&quot;desktop&quot;,&quot;tablet&quot;]}],&quot;stretch_section&quot;:&quot;section-stretched&quot;,&quot;background_background&quot;:&quot;classic&quot;}\">\n\t\t\t\t\t\t\t<div class=\"elementor-background-overlay\"><\/div>\n\t\t\t\t\t\t\t<div class=\"elementor-container elementor-column-gap-default\">\n\t\t\t\t\t<div class=\"elementor-column elementor-col-100 elementor-top-column elementor-element elementor-element-b9e5d78\" data-id=\"b9e5d78\" data-element_type=\"column\">\n\t\t\t<div class=\"elementor-widget-wrap elementor-element-populated\">\n\t\t\t\t\t\t<div class=\"elementor-element elementor-element-aa1281f elementor-widget elementor-widget-heading\" data-id=\"aa1281f\" data-element_type=\"widget\" data-widget_type=\"heading.default\">\n\t\t\t\t<div class=\"elementor-widget-container\">\n\t\t\t<style>\/*! elementor - v3.19.0 - 07-02-2024 *\/\n.elementor-heading-title{padding:0;margin:0;line-height:1}.elementor-widget-heading .elementor-heading-title[class*=elementor-size-]>a{color:inherit;font-size:inherit;line-height:inherit}.elementor-widget-heading .elementor-heading-title.elementor-size-small{font-size:15px}.elementor-widget-heading .elementor-heading-title.elementor-size-medium{font-size:19px}.elementor-widget-heading .elementor-heading-title.elementor-size-large{font-size:29px}.elementor-widget-heading .elementor-heading-title.elementor-size-xl{font-size:39px}.elementor-widget-heading .elementor-heading-title.elementor-size-xxl{font-size:59px}<\/style><h2 class=\"elementor-heading-title elementor-size-default\">Renu\u00e9vate en Impresi\u00f3n<\/h2>\t\t<\/div>\n\t\t\t\t<\/div>\n\t\t\t\t<div class=\"elementor-element elementor-element-53bfe86 elementor-widget elementor-widget-text-editor\" data-id=\"53bfe86\" data-element_type=\"widget\" data-widget_type=\"text-editor.default\">\n\t\t\t\t<div class=\"elementor-widget-container\">\n\t\t\t<style>\/*! elementor - v3.19.0 - 07-02-2024 *\/\n.elementor-widget-text-editor.elementor-drop-cap-view-stacked .elementor-drop-cap{background-color:#69727d;color:#fff}.elementor-widget-text-editor.elementor-drop-cap-view-framed .elementor-drop-cap{color:#69727d;border:3px solid;background-color:transparent}.elementor-widget-text-editor:not(.elementor-drop-cap-view-default) .elementor-drop-cap{margin-top:8px}.elementor-widget-text-editor:not(.elementor-drop-cap-view-default) .elementor-drop-cap-letter{width:1em;height:1em}.elementor-widget-text-editor .elementor-drop-cap{float:left;text-align:center;line-height:1;font-size:50px}.elementor-widget-text-editor .elementor-drop-cap-letter{display:inline-block}<\/style>\t\t\t\t<p style=\"text-align: center;\"><span style=\"color: #ffffff;\"><strong>Estas a un paso<\/strong> de de conseguir tu renta de quipos de <strong>impresi\u00f3n y copiado<\/strong><\/span><\/p><p style=\"text-align: center;\"><span style=\"color: #ffffff;\"><strong>GRATIS<\/strong><\/span><\/p><p style=\"text-align: center;\"><span style=\"color: #ffffff;\">Date prisa, recuerda que el programa es <strong>exclusivo para 10 empresas al mes<\/strong>.<\/span><\/p>\t\t\t\t\t\t<\/div>\n\t\t\t\t<\/div>\n\t\t\t\t<section class=\"elementor-section elementor-inner-section elementor-element elementor-element-9c32851 elementor-section-boxed elementor-section-height-default elementor-section-height-default\" data-id=\"9c32851\" data-element_type=\"section\" data-settings=\"{&quot;jet_parallax_layout_list&quot;:[{&quot;jet_parallax_layout_image&quot;:{&quot;url&quot;:&quot;&quot;,&quot;id&quot;:&quot;&quot;,&quot;size&quot;:&quot;&quot;},&quot;_id&quot;:&quot;46c53f1&quot;,&quot;jet_parallax_layout_image_tablet&quot;:{&quot;url&quot;:&quot;&quot;,&quot;id&quot;:&quot;&quot;,&quot;size&quot;:&quot;&quot;},&quot;jet_parallax_layout_image_mobile&quot;:{&quot;url&quot;:&quot;&quot;,&quot;id&quot;:&quot;&quot;,&quot;size&quot;:&quot;&quot;},&quot;jet_parallax_layout_speed&quot;:{&quot;unit&quot;:&quot;%&quot;,&quot;size&quot;:50,&quot;sizes&quot;:[]},&quot;jet_parallax_layout_type&quot;:&quot;scroll&quot;,&quot;jet_parallax_layout_direction&quot;:null,&quot;jet_parallax_layout_fx_direction&quot;:null,&quot;jet_parallax_layout_z_index&quot;:&quot;&quot;,&quot;jet_parallax_layout_bg_x&quot;:50,&quot;jet_parallax_layout_bg_x_tablet&quot;:&quot;&quot;,&quot;jet_parallax_layout_bg_x_mobile&quot;:&quot;&quot;,&quot;jet_parallax_layout_bg_y&quot;:50,&quot;jet_parallax_layout_bg_y_tablet&quot;:&quot;&quot;,&quot;jet_parallax_layout_bg_y_mobile&quot;:&quot;&quot;,&quot;jet_parallax_layout_bg_size&quot;:&quot;auto&quot;,&quot;jet_parallax_layout_bg_size_tablet&quot;:&quot;&quot;,&quot;jet_parallax_layout_bg_size_mobile&quot;:&quot;&quot;,&quot;jet_parallax_layout_animation_prop&quot;:&quot;transform&quot;,&quot;jet_parallax_layout_on&quot;:[&quot;desktop&quot;,&quot;tablet&quot;]}]}\">\n\t\t\t\t\t\t<div class=\"elementor-container elementor-column-gap-default\">\n\t\t\t\t\t<div class=\"elementor-column elementor-col-33 elementor-inner-column elementor-element elementor-element-291db63\" data-id=\"291db63\" data-element_type=\"column\">\n\t\t\t<div class=\"elementor-widget-wrap\">\n\t\t\t\t\t\t\t<\/div>\n\t\t<\/div>\n\t\t\t\t<div class=\"elementor-column elementor-col-33 elementor-inner-column elementor-element elementor-element-23acc32\" data-id=\"23acc32\" data-element_type=\"column\" id=\"solicitudForm\" data-settings=\"{&quot;background_background&quot;:&quot;classic&quot;}\">\n\t\t\t<div class=\"elementor-widget-wrap elementor-element-populated\">\n\t\t\t\t\t\t<div class=\"elementor-element elementor-element-eb0ec09 elementor-widget elementor-widget-contact-form-7\" data-id=\"eb0ec09\" data-element_type=\"widget\" data-widget_type=\"contact-form-7.default\">\n\t\t\t\t<div class=\"elementor-widget-container\">\n\t\t\t<div class=\"elementor-contact-form-7 jet-elements\">\n<div class=\"wpcf7 no-js\" id=\"wpcf7-f691-o1\" lang=\"es-ES\" dir=\"ltr\">\n<div class=\"screen-reader-response\"><p role=\"status\" aria-live=\"polite\" aria-atomic=\"true\"><\/p> <ul><\/ul><\/div>\n<form action=\"\/renuevate\/wp-json\/wp\/v2\/pages\/689#wpcf7-f691-o1\" method=\"post\" class=\"wpcf7-form init\" aria-label=\"Formulario de contacto\" enctype=\"multipart\/form-data\" novalidate=\"novalidate\" data-status=\"init\">\n<div style=\"display: none;\">\n<input type=\"hidden\" name=\"_wpcf7\" value=\"691\" \/>\n<input type=\"hidden\" name=\"_wpcf7_version\" value=\"5.8.7\" \/>\n<input type=\"hidden\" name=\"_wpcf7_locale\" value=\"es_ES\" \/>\n<input type=\"hidden\" name=\"_wpcf7_unit_tag\" value=\"wpcf7-f691-o1\" \/>\n<input type=\"hidden\" name=\"_wpcf7_container_post\" value=\"0\" \/>\n<input type=\"hidden\" name=\"_wpcf7_posted_data_hash\" value=\"\" \/>\n<\/div>\n<p><label id=\"your-name\"> Tu nombre<br \/>\n<span class=\"wpcf7-form-control-wrap\" data-name=\"your-name\"><input size=\"40\" class=\"wpcf7-form-control wpcf7-text wpcf7-validates-as-required\" autocomplete=\"name\" aria-required=\"true\" aria-invalid=\"false\" value=\"\" type=\"text\" name=\"your-name\" \/><\/span> <\/label>\n<\/p>\n<p><label> Tu correo electr\u00f3nico<br \/>\n<span class=\"wpcf7-form-control-wrap\" data-name=\"your-email\"><input size=\"40\" class=\"wpcf7-form-control wpcf7-email wpcf7-validates-as-required wpcf7-text wpcf7-validates-as-email\" autocomplete=\"email\" aria-required=\"true\" aria-invalid=\"false\" value=\"\" type=\"email\" name=\"your-email\" \/><\/span> <\/label>\n<\/p>\n<p><label> Whatsapp<br \/>\n<span class=\"wpcf7-form-control-wrap\" data-name=\"whatsapp\"><input size=\"40\" class=\"wpcf7-form-control wpcf7-tel wpcf7-validates-as-required wpcf7-text wpcf7-validates-as-tel\" aria-required=\"true\" aria-invalid=\"false\" value=\"\" type=\"tel\" name=\"whatsapp\" \/><\/span> <\/label>\n<\/p>\n<p><label> Tu Empresa<br \/>\n<span class=\"wpcf7-form-control-wrap\" data-name=\"tuempresa\"><input size=\"40\" class=\"wpcf7-form-control wpcf7-text empresa\" id=\"empresa\" aria-invalid=\"false\" value=\"\" type=\"text\" name=\"tuempresa\" \/><\/span> <\/label>\n<\/p>\n<p><label> Tipo de persona<br \/>\n<span class=\"wpcf7-form-control-wrap\" data-name=\"Tipodepersona\"><select class=\"wpcf7-form-control wpcf7-select\" id=\"person-type\" aria-invalid=\"false\" name=\"Tipodepersona\"><option value=\"\">selecciona una opci\u00f3n<\/option><option value=\"Persona F\u00edsica\">Persona F\u00edsica<\/option><option value=\"Persona Moral\">Persona Moral<\/option><\/select><\/span><br \/>\n<\/label>\n<\/p>\n<div class=\"file-select\" id=\"ine-front\" >\n\t<p><span class=\"wpcf7-form-control-wrap\" data-name=\"ine-frente\"><input size=\"40\" class=\"wpcf7-form-control wpcf7-file wpcf7-validates-as-required inputfile\" accept=\"image\/*,.txt,application\/pdf\" aria-required=\"true\" aria-invalid=\"false\" type=\"file\" name=\"ine-frente\" \/><\/span>\n\t<\/p>\n<\/div>\n<div class=\"file-select\" id=\"ine-reverso\" >\n\t<p><span class=\"wpcf7-form-control-wrap\" data-name=\"ine-back\"><input size=\"40\" class=\"wpcf7-form-control wpcf7-file wpcf7-validates-as-required\" accept=\"image\/*,.txt,application\/pdf\" aria-required=\"true\" aria-invalid=\"false\" type=\"file\" name=\"ine-back\" \/><\/span>\n\t<\/p>\n<\/div>\n<div class=\"file-select\" id=\"acta_constitutiva\" >\n\t<p><span class=\"wpcf7-form-control-wrap\" data-name=\"acta_constitutiva\"><input size=\"40\" class=\"wpcf7-form-control wpcf7-file\" accept=\"image\/*,.txt,application\/pdf\" aria-invalid=\"false\" type=\"file\" name=\"acta_constitutiva\" \/><\/span>\n\t<\/p>\n<\/div>\n<div class=\"file-select\" id=\"cedula_rfc\" >\n\t<p><span class=\"wpcf7-form-control-wrap\" data-name=\"cedula_rfc\"><input size=\"40\" class=\"wpcf7-form-control wpcf7-file wpcf7-validates-as-required\" accept=\"image\/*,.txt,application\/pdf\" aria-required=\"true\" aria-invalid=\"false\" type=\"file\" name=\"cedula_rfc\" \/><\/span>\n\t<\/p>\n<\/div>\n<div class=\"file-select\" id=\"comprobante_domicilio_fiscal\" >\n\t<p><span class=\"wpcf7-form-control-wrap\" data-name=\"comprobante_domicilio_fiscal\"><input size=\"40\" class=\"wpcf7-form-control wpcf7-file wpcf7-validates-as-required\" accept=\"image\/*,.txt,application\/pdf\" aria-required=\"true\" aria-invalid=\"false\" type=\"file\" name=\"comprobante_domicilio_fiscal\" \/><\/span>\n\t<\/p>\n<\/div>\n<div class=\"file-select\" id=\"constancia_situacion_fiscal\" >\n\t<p><span class=\"wpcf7-form-control-wrap\" data-name=\"constancia_situacion_fiscal\"><input size=\"40\" class=\"wpcf7-form-control wpcf7-file wpcf7-validates-as-required\" accept=\"image\/*,.txt,application\/pdf\" aria-required=\"true\" aria-invalid=\"false\" type=\"file\" name=\"constancia_situacion_fiscal\" \/><\/span>\n\t<\/p>\n<\/div>\n<div class=\"file-select\" id=\"opinion_cumplimiento_fiscal\">\n\t<p><span class=\"wpcf7-form-control-wrap\" data-name=\"opinion_cumplimiento_fiscal\"><input size=\"40\" class=\"wpcf7-form-control wpcf7-file\" accept=\"image\/*,.txt,application\/pdf\" aria-invalid=\"false\" type=\"file\" name=\"opinion_cumplimiento_fiscal\" \/><\/span>\n\t<\/p>\n<\/div>\n<p><input class=\"wpcf7-form-control wpcf7-submit has-spinner\" type=\"submit\" value=\"Quiero mi renta gratis\" \/>\n<\/p><div class=\"wpcf7-response-output\" aria-hidden=\"true\"><\/div>\n<\/form>\n<\/div>\n<\/div>\t\t<\/div>\n\t\t\t\t<\/div>\n\t\t\t\t\t<\/div>\n\t\t<\/div>\n\t\t\t\t<div class=\"elementor-column elementor-col-33 elementor-inner-column elementor-element elementor-element-bfa7a0b\" data-id=\"bfa7a0b\" data-element_type=\"column\">\n\t\t\t<div class=\"elementor-widget-wrap\">\n\t\t\t\t\t\t\t<\/div>\n\t\t<\/div>\n\t\t\t\t\t<\/div>\n\t\t<\/section>\n\t\t\t\t<div class=\"elementor-element elementor-element-1d4afec elementor-widget elementor-widget-shortcode\" data-id=\"1d4afec\" data-element_type=\"widget\" data-widget_type=\"shortcode.default\">\n\t\t\t\t<div class=\"elementor-widget-container\">\n\t\t\t\t\t<div class=\"elementor-shortcode\">\t\t<div data-elementor-type=\"section\" data-elementor-id=\"628\" class=\"elementor elementor-628\">\n\t\t\t\t<div class=\"elementor-element elementor-element-b35124a e-flex e-con-boxed e-con e-parent\" data-id=\"b35124a\" data-element_type=\"container\" data-settings=\"{&quot;jet_parallax_layout_list&quot;:[],&quot;content_width&quot;:&quot;boxed&quot;}\" data-core-v316-plus=\"true\">\n\t\t\t\t\t<div class=\"e-con-inner\">\n\t\t\t\t<div class=\"elementor-element elementor-element-370ffbd elementor-widget elementor-widget-raven-icon\" data-id=\"370ffbd\" data-element_type=\"widget\" id=\"buttonWhats\" data-widget_type=\"raven-icon.default\">\n\t\t\t\t<div class=\"elementor-widget-container\">\n\t\t\t\t\t<div class=\"raven-icon-wrapper\">\n\t\t\t<a class=\"raven-icon\" href=\"https:\/\/api.whatsapp.com\/send?phone=5215585533788&amp;text=Hola%2C+quiero+solucionar+mis+problemas+de+impresion+y+computo\" target=\"_blank\">\n\t\t\t\t<svg aria-hidden=\"true\" class=\"e-font-icon-svg e-fab-whatsapp\" viewBox=\"0 0 448 512\" xmlns=\"http:\/\/www.w3.org\/2000\/svg\"><path d=\"M380.9 97.1C339 55.1 283.2 32 223.9 32c-122.4 0-222 99.6-222 222 0 39.1 10.2 77.3 29.6 111L0 480l117.7-30.9c32.4 17.7 68.9 27 106.1 27h.1c122.3 0 224.1-99.6 224.1-222 0-59.3-25.2-115-67.1-157zm-157 341.6c-33.2 0-65.7-8.9-94-25.7l-6.7-4-69.8 18.3L72 359.2l-4.4-7c-18.5-29.4-28.2-63.3-28.2-98.2 0-101.7 82.8-184.5 184.6-184.5 49.3 0 95.6 19.2 130.4 54.1 34.8 34.9 56.2 81.2 56.1 130.5 0 101.8-84.9 184.6-186.6 184.6zm101.2-138.2c-5.5-2.8-32.8-16.2-37.9-18-5.1-1.9-8.8-2.8-12.5 2.8-3.7 5.6-14.3 18-17.6 21.8-3.2 3.7-6.5 4.2-12 1.4-32.6-16.3-54-29.1-75.5-66-5.7-9.8 5.7-9.1 16.3-30.3 1.8-3.7.9-6.9-.5-9.7-1.4-2.8-12.5-30.1-17.1-41.2-4.5-10.8-9.1-9.3-12.5-9.5-3.2-.2-6.9-.2-10.6-.2-3.7 0-9.7 1.4-14.8 6.9-5.1 5.6-19.4 19-19.4 46.3 0 27.3 19.9 53.7 22.6 57.4 2.8 3.7 39.1 59.7 94.8 83.8 35.2 15.2 49 16.5 66.6 13.9 10.7-1.6 32.8-13.4 37.4-26.4 4.6-13 4.6-24.1 3.2-26.4-1.3-2.5-5-3.9-10.5-6.6z\"><\/path><\/svg>\t\t\t<\/a>\n\t\t<\/div>\n\t\t\t\t<\/div>\n\t\t\t\t<\/div>\n\t\t\t\t\t<\/div>\n\t\t\t\t<\/div>\n\t\t\t\t<\/div>\n\t\t<\/div>\n\t\t\t\t<\/div>\n\t\t\t\t<\/div>\n\t\t\t\t<div class=\"elementor-element elementor-element-4f734a3 elementor-widget elementor-widget-html\" data-id=\"4f734a3\" data-element_type=\"widget\" data-widget_type=\"html.default\">\n\t\t\t\t<div class=\"elementor-widget-container\">\n\t\t\t<script>\n    jQuery( document ).ready(function() {\n    console.log( \"ready formulario!\" );\n    \n    jQuery('#person-type option:first').attr('disabled',true);\n    jQuery('#acta_constitutiva').hide();\n    jQuery('#opinion_cumplimiento_fiscal').hide();\n\n    jQuery(\"#person-type\").change(() => {\n        if (jQuery(\"#person-type\").val() === \"Persona F\u00edsica\") {\n            jQuery('#acta_constitutiva').hide();\n            jQuery('#opinion_cumplimiento_fiscal').hide();\n            \n            jQuery('#acta_constitutiva input').removeClass('wpcf7-validates-as-required');\n            jQuery('#opinion_cumplimiento_fiscal input').removeClass('wpcf7-validates-as-required');\n        } else {\n            jQuery('#acta_constitutiva').show();\n            jQuery('#opinion_cumplimiento_fiscal').show();\n        }\n    })\n    \n});\n<\/script>\n<style>\n.file-select {\n  position: relative;\n  display: inline-block;\n  margin-bottom: 10px;\n  width: 100%;\n}\n\n\n#ine-front::before {\n  content: 'Seleccionar Ine Frente';\n}\n#ine-reverso::before {\n  content: 'Seleccionar Ine Inverso';\n}\n#acta_constitutiva::before {\n  content: 'Seleccionar Acta Constitutiva';\n}\n#cedula_rfc::before {\n  content: 'Seleccionar C\u00e9dula RFC';\n}\n#comprobante_domicilio_fiscal::before {\n  content: 'Seleccionar Comprobante de domicilio fiscal';\n}\n#constancia_situacion_fiscal::before {\n  content: 'Seleccionar Constancia de situaci\u00f3n Fiscal';\n}\n#opinion_cumplimiento_fiscal::before {\n  content: 'Seleccionar Opini\u00f3n de cumplimiento no mayor a 3 meses';\n}\n\n\n#solicitudForm input[type=\"file\"] {\n    color: #000;\n    font-size: 12px;\n    padding: 5px;\n    width: 100%;\n}\n\n.wpcf7 input[type=\"file\"]::file-selector-button {\n  font-weight: bold;\n  color: #FFF;\n  background: #79b928;\n  padding: 0.5em;\n  border: thin solid #fff;\n  border-radius: 3px;\n}\n\ninput[type=file] {\n  width: 100%;\n  max-width: 100%;\n  color: #444;\n  padding: 5px;\n  background: #fff;\n  border-radius: 10px;\n  border: 1px solid #555;\n}\n<\/style>\t\t<\/div>\n\t\t\t\t<\/div>\n\t\t\t\t\t<\/div>\n\t\t<\/div>\n\t\t\t\t\t<\/div>\n\t\t<\/section>\n\t\t\t\t<\/div>\n\t\t","protected":false},"excerpt":{"rendered":"<p>Renu\u00e9vate en Impresi\u00f3n Estas a un paso de de conseguir tu renta de quipos de impresi\u00f3n y copiado GRATIS Date prisa, recuerda que el programa es exclusivo para 10 empresas al mes. Tu nombre Tu correo electr\u00f3nico Whatsapp Tu Empresa Tipo de persona selecciona una opci\u00f3nPersona F\u00edsicaPersona Moral<\/p>\n","protected":false},"author":1,"featured_media":0,"parent":0,"menu_order":0,"comment_status":"closed","ping_status":"closed","template":"","meta":{"_acf_changed":false,"footnotes":""},"acf":[],"yoast_head":"<!-- This site is optimized with the Yoast SEO plugin v22.8 - https:\/\/yoast.com\/wordpress\/plugins\/seo\/ -->\n<title>Solicitud - reNUEVAte<\/title>\n<meta name=\"robots\" content=\"index, follow, max-snippet:-1, max-image-preview:large, max-video-preview:-1\" \/>\n<link rel=\"canonical\" href=\"https:\/\/pagaloqueimprimes.mx\/renuevate\/solicitud\/\" \/>\n<meta property=\"og:locale\" content=\"es_ES\" \/>\n<meta property=\"og:type\" content=\"article\" \/>\n<meta property=\"og:title\" content=\"Solicitud - reNUEVAte\" \/>\n<meta property=\"og:description\" content=\"Renu\u00e9vate en Impresi\u00f3n Estas a un paso de de conseguir tu renta de quipos de impresi\u00f3n y copiado GRATIS Date prisa, recuerda que el programa es exclusivo para 10 empresas al mes. Tu nombre Tu correo electr\u00f3nico Whatsapp Tu Empresa Tipo de persona selecciona una opci\u00f3nPersona F\u00edsicaPersona Moral\" \/>\n<meta property=\"og:url\" content=\"https:\/\/pagaloqueimprimes.mx\/renuevate\/solicitud\/\" \/>\n<meta property=\"og:site_name\" content=\"reNUEVAte\" \/>\n<meta property=\"article:modified_time\" content=\"2024-08-14T01:44:23+00:00\" \/>\n<meta name=\"twitter:card\" content=\"summary_large_image\" \/>\n<meta name=\"twitter:label1\" content=\"Tiempo de lectura\" \/>\n\t<meta name=\"twitter:data1\" content=\"1 minuto\" \/>\n<script type=\"application\/ld+json\" class=\"yoast-schema-graph\">{\"@context\":\"https:\/\/schema.org\",\"@graph\":[{\"@type\":\"WebPage\",\"@id\":\"https:\/\/pagaloqueimprimes.mx\/renuevate\/solicitud\/\",\"url\":\"https:\/\/pagaloqueimprimes.mx\/renuevate\/solicitud\/\",\"name\":\"Solicitud - reNUEVAte\",\"isPartOf\":{\"@id\":\"https:\/\/pagaloqueimprimes.mx\/renuevate\/#website\"},\"datePublished\":\"2024-06-11T05:42:51+00:00\",\"dateModified\":\"2024-08-14T01:44:23+00:00\",\"breadcrumb\":{\"@id\":\"https:\/\/pagaloqueimprimes.mx\/renuevate\/solicitud\/#breadcrumb\"},\"inLanguage\":\"es\",\"potentialAction\":[{\"@type\":\"ReadAction\",\"target\":[\"https:\/\/pagaloqueimprimes.mx\/renuevate\/solicitud\/\"]}]},{\"@type\":\"BreadcrumbList\",\"@id\":\"https:\/\/pagaloqueimprimes.mx\/renuevate\/solicitud\/#breadcrumb\",\"itemListElement\":[{\"@type\":\"ListItem\",\"position\":1,\"name\":\"Portada\",\"item\":\"https:\/\/pagaloqueimprimes.mx\/renuevate\/\"},{\"@type\":\"ListItem\",\"position\":2,\"name\":\"Solicitud\"}]},{\"@type\":\"WebSite\",\"@id\":\"https:\/\/pagaloqueimprimes.mx\/renuevate\/#website\",\"url\":\"https:\/\/pagaloqueimprimes.mx\/renuevate\/\",\"name\":\"reNUEVAte\",\"description\":\"Renta de copiadoras, impresoras y multifuncionales y Ahorra hasta un 40% en costos de impresi\u00f3n, servicio, mantenimiento y consumibles incluidos solo en DF y \u00e1rea Metropolitana\",\"publisher\":{\"@id\":\"https:\/\/pagaloqueimprimes.mx\/renuevate\/#organization\"},\"potentialAction\":[{\"@type\":\"SearchAction\",\"target\":{\"@type\":\"EntryPoint\",\"urlTemplate\":\"https:\/\/pagaloqueimprimes.mx\/renuevate\/?s={search_term_string}\"},\"query-input\":\"required name=search_term_string\"}],\"inLanguage\":\"es\"},{\"@type\":\"Organization\",\"@id\":\"https:\/\/pagaloqueimprimes.mx\/renuevate\/#organization\",\"name\":\"reNUEVAte\",\"url\":\"https:\/\/pagaloqueimprimes.mx\/renuevate\/\",\"logo\":{\"@type\":\"ImageObject\",\"inLanguage\":\"es\",\"@id\":\"https:\/\/pagaloqueimprimes.mx\/renuevate\/#\/schema\/logo\/image\/\",\"url\":\"https:\/\/pagaloqueimprimes.mx\/renuevate\/wp-content\/uploads\/2024\/02\/logo-1.png\",\"contentUrl\":\"https:\/\/pagaloqueimprimes.mx\/renuevate\/wp-content\/uploads\/2024\/02\/logo-1.png\",\"width\":246,\"height\":104,\"caption\":\"reNUEVAte\"},\"image\":{\"@id\":\"https:\/\/pagaloqueimprimes.mx\/renuevate\/#\/schema\/logo\/image\/\"}}]}<\/script>\n<!-- \/ Yoast SEO plugin. -->","yoast_head_json":{"title":"Solicitud - reNUEVAte","robots":{"index":"index","follow":"follow","max-snippet":"max-snippet:-1","max-image-preview":"max-image-preview:large","max-video-preview":"max-video-preview:-1"},"canonical":"https:\/\/pagaloqueimprimes.mx\/renuevate\/solicitud\/","og_locale":"es_ES","og_type":"article","og_title":"Solicitud - reNUEVAte","og_description":"Renu\u00e9vate en Impresi\u00f3n Estas a un paso de de conseguir tu renta de quipos de impresi\u00f3n y copiado GRATIS Date prisa, recuerda que el programa es exclusivo para 10 empresas al mes. Tu nombre Tu correo electr\u00f3nico Whatsapp Tu Empresa Tipo de persona selecciona una opci\u00f3nPersona F\u00edsicaPersona Moral","og_url":"https:\/\/pagaloqueimprimes.mx\/renuevate\/solicitud\/","og_site_name":"reNUEVAte","article_modified_time":"2024-08-14T01:44:23+00:00","twitter_card":"summary_large_image","twitter_misc":{"Tiempo de lectura":"1 minuto"},"schema":{"@context":"https:\/\/schema.org","@graph":[{"@type":"WebPage","@id":"https:\/\/pagaloqueimprimes.mx\/renuevate\/solicitud\/","url":"https:\/\/pagaloqueimprimes.mx\/renuevate\/solicitud\/","name":"Solicitud - reNUEVAte","isPartOf":{"@id":"https:\/\/pagaloqueimprimes.mx\/renuevate\/#website"},"datePublished":"2024-06-11T05:42:51+00:00","dateModified":"2024-08-14T01:44:23+00:00","breadcrumb":{"@id":"https:\/\/pagaloqueimprimes.mx\/renuevate\/solicitud\/#breadcrumb"},"inLanguage":"es","potentialAction":[{"@type":"ReadAction","target":["https:\/\/pagaloqueimprimes.mx\/renuevate\/solicitud\/"]}]},{"@type":"BreadcrumbList","@id":"https:\/\/pagaloqueimprimes.mx\/renuevate\/solicitud\/#breadcrumb","itemListElement":[{"@type":"ListItem","position":1,"name":"Portada","item":"https:\/\/pagaloqueimprimes.mx\/renuevate\/"},{"@type":"ListItem","position":2,"name":"Solicitud"}]},{"@type":"WebSite","@id":"https:\/\/pagaloqueimprimes.mx\/renuevate\/#website","url":"https:\/\/pagaloqueimprimes.mx\/renuevate\/","name":"reNUEVAte","description":"Renta de copiadoras, impresoras y multifuncionales y Ahorra hasta un 40% en costos de impresi\u00f3n, servicio, mantenimiento y consumibles incluidos solo en DF y \u00e1rea Metropolitana","publisher":{"@id":"https:\/\/pagaloqueimprimes.mx\/renuevate\/#organization"},"potentialAction":[{"@type":"SearchAction","target":{"@type":"EntryPoint","urlTemplate":"https:\/\/pagaloqueimprimes.mx\/renuevate\/?s={search_term_string}"},"query-input":"required name=search_term_string"}],"inLanguage":"es"},{"@type":"Organization","@id":"https:\/\/pagaloqueimprimes.mx\/renuevate\/#organization","name":"reNUEVAte","url":"https:\/\/pagaloqueimprimes.mx\/renuevate\/","logo":{"@type":"ImageObject","inLanguage":"es","@id":"https:\/\/pagaloqueimprimes.mx\/renuevate\/#\/schema\/logo\/image\/","url":"https:\/\/pagaloqueimprimes.mx\/renuevate\/wp-content\/uploads\/2024\/02\/logo-1.png","contentUrl":"https:\/\/pagaloqueimprimes.mx\/renuevate\/wp-content\/uploads\/2024\/02\/logo-1.png","width":246,"height":104,"caption":"reNUEVAte"},"image":{"@id":"https:\/\/pagaloqueimprimes.mx\/renuevate\/#\/schema\/logo\/image\/"}}]}},"_links":{"self":[{"href":"https:\/\/pagaloqueimprimes.mx\/renuevate\/wp-json\/wp\/v2\/pages\/689"}],"collection":[{"href":"https:\/\/pagaloqueimprimes.mx\/renuevate\/wp-json\/wp\/v2\/pages"}],"about":[{"href":"https:\/\/pagaloqueimprimes.mx\/renuevate\/wp-json\/wp\/v2\/types\/page"}],"author":[{"embeddable":true,"href":"https:\/\/pagaloqueimprimes.mx\/renuevate\/wp-json\/wp\/v2\/users\/1"}],"replies":[{"embeddable":true,"href":"https:\/\/pagaloqueimprimes.mx\/renuevate\/wp-json\/wp\/v2\/comments?post=689"}],"version-history":[{"count":142,"href":"https:\/\/pagaloqueimprimes.mx\/renuevate\/wp-json\/wp\/v2\/pages\/689\/revisions"}],"predecessor-version":[{"id":943,"href":"https:\/\/pagaloqueimprimes.mx\/renuevate\/wp-json\/wp\/v2\/pages\/689\/revisions\/943"}],"wp:attachment":[{"href":"https:\/\/pagaloqueimprimes.mx\/renuevate\/wp-json\/wp\/v2\/media?parent=689"}],"curies":[{"name":"wp","href":"https:\/\/api.w.org\/{rel}","templated":true}]}}